{"id":13,"date":"2023-11-06T20:08:11","date_gmt":"2023-11-06T20:08:11","guid":{"rendered":"https:\/\/prolever.net\/?page_id=13"},"modified":"2026-01-02T12:43:34","modified_gmt":"2026-01-02T12:43:34","slug":"13-2","status":"publish","type":"page","link":"https:\/\/prolever.net\/","title":{"rendered":"Inicio"},"content":{"rendered":"<p>[et_pb_section fb_built=\u00bb1&#8243; admin_label=\u00bbAbout\u00bb _builder_version=\u00bb4.22.1&#8243; _module_preset=\u00bbdefault\u00bb background_enable_color=\u00bboff\u00bb use_background_color_gradient=\u00bbon\u00bb background_image=\u00bbhttp:\/\/prolever.net\/wp-content\/uploads\/2025\/07\/csm_STILL_E-Stapler_RX-Family_HB_2120x1080_efa129fb9c.jpg\u00bb animation_style=\u00bbflip\u00bb collapsed=\u00bbon\u00bb global_colors_info=\u00bb{}\u00bb][et_pb_row _builder_version=\u00bb4.22.1&#8243; _module_preset=\u00bbdefault\u00bb global_colors_info=\u00bb{}\u00bb][et_pb_column type=\u00bb4_4&#8243; _builder_version=\u00bb4.22.1&#8243; _module_preset=\u00bbdefault\u00bb global_colors_info=\u00bb{}\u00bb][\/et_pb_column][\/et_pb_row][et_pb_row _builder_version=\u00bb4.22.1&#8243; _module_preset=\u00bbdefault\u00bb global_colors_info=\u00bb{}\u00bb][et_pb_column type=\u00bb4_4&#8243; _builder_version=\u00bb4.22.1&#8243; _module_preset=\u00bbdefault\u00bb global_colors_info=\u00bb{}\u00bb][\/et_pb_column][\/et_pb_row][\/et_pb_section][et_pb_section fb_built=\u00bb1&#8243; _builder_version=\u00bb4.22.1&#8243; _module_preset=\u00bbdefault\u00bb global_colors_info=\u00bb{}\u00bb][et_pb_row _builder_version=\u00bb4.22.1&#8243; _module_preset=\u00bbdefault\u00bb width=\u00bb76%\u00bb global_colors_info=\u00bb{}\u00bb][et_pb_column type=\u00bb4_4&#8243; _builder_version=\u00bb4.22.1&#8243; _module_preset=\u00bbdefault\u00bb global_colors_info=\u00bb{}\u00bb][et_pb_text _builder_version=\u00bb4.19.0&#8243; _module_preset=\u00bb94c3f439-3d8c-4df6-abd9-a900f4c4e91f\u00bb text_orientation=\u00bbcenter\u00bb text_orientation_tablet=\u00bbleft\u00bb text_orientation_phone=\u00bbleft\u00bb text_orientation_last_edited=\u00bbon|tablet\u00bb global_colors_info=\u00bb{}\u00bb]<\/p>\n<h2 style=\"text-align: center;\"><strong><span style=\"color: #000000;\">Comunicado<\/span><\/strong><\/h2>\n<p>[\/et_pb_text][et_pb_text _builder_version=\u00bb4.22.1&#8243; _module_preset=\u00bbdefault\u00bb hover_enabled=\u00bb0&#8243; global_colors_info=\u00bb{}\u00bb sticky_enabled=\u00bb0&#8243;]<\/p>\n<p class=\"p1\"><span style=\"color: #000000;\"><span class=\"s1\">A partir del <\/span><b>1 de enero de 2026<\/b><span class=\"s1\">, <\/span><b>Maquinaria Industrial Prolever S.L.<\/b><span class=\"s1\"> pasa a formar parte de <strong>GRUPO <\/strong><\/span><b>LLANA CARRETILLAS \u00a0<\/b><\/span><span class=\"s1\" style=\"color: #000000; font-size: 14px;\">Unimos experiencia, equipo y capacidad para ofrecerte <\/span><b style=\"color: #000000; font-size: 14px;\">m\u00e1s servicio, m\u00e1s soluciones y la misma cercan\u00eda de siempre<\/b><span class=\"s1\" style=\"color: #000000; font-size: 14px;\">. Contacto <a href=\"mailto:llana@llanacarretillas.es\">llana@llanacarretillas.es<\/a><\/span><\/p>\n<p class=\"p1\"><span class=\"s1\" style=\"color: #000000; font-size: 14px;\"><\/span><\/p>\n<p class=\"p1\"><span class=\"s1\" style=\"color: #000000; font-size: 14px;\"><\/span><\/p>\n<p>[\/et_pb_text][\/et_pb_column][\/et_pb_row][et_pb_row _builder_version=\u00bb4.22.1&#8243; _module_preset=\u00bbdefault\u00bb global_colors_info=\u00bb{}\u00bb][et_pb_column type=\u00bb4_4&#8243; _builder_version=\u00bb4.22.1&#8243; _module_preset=\u00bbdefault\u00bb global_colors_info=\u00bb{}\u00bb][et_pb_button button_url=\u00bbhttps:\/\/www.llanacarretillas.com\u00bb button_text=\u00bbWeb Llana\u00bb button_alignment=\u00bbcenter\u00bb _builder_version=\u00bb4.22.1&#8243; _module_preset=\u00bbdefault\u00bb custom_button=\u00bbon\u00bb button_text_color=\u00bb#E09900&#8243; global_colors_info=\u00bb{}\u00bb][\/et_pb_button][\/et_pb_column][\/et_pb_row][et_pb_row _builder_version=\u00bb4.22.1&#8243; _module_preset=\u00bbdefault\u00bb global_colors_info=\u00bb{}\u00bb][et_pb_column type=\u00bb4_4&#8243; _builder_version=\u00bb4.22.1&#8243; _module_preset=\u00bbdefault\u00bb global_colors_info=\u00bb{}\u00bb][et_pb_image src=\u00bbhttp:\/\/prolever.net\/wp-content\/uploads\/2025\/07\/csm_STILL_Service-Update_Teaser_4k_22f412ec39.jpg.webp\u00bb title_text=\u00bbcsm_STILL_Service-Update_Teaser_4k_22f412ec39.jpg\u00bb _builder_version=\u00bb4.22.1&#8243; _module_preset=\u00bbdefault\u00bb global_colors_info=\u00bb{}\u00bb][\/et_pb_image][\/et_pb_column][\/et_pb_row][\/et_pb_section][et_pb_section fb_built=\u00bb1&#8243; admin_label=\u00bbTestimonials\u00bb _builder_version=\u00bb4.22.1&#8243; _module_preset=\u00bbdefault\u00bb background_enable_color=\u00bboff\u00bb collapsed=\u00bbon\u00bb global_colors_info=\u00bb{}\u00bb][et_pb_row column_structure=\u00bb1_4,3_4&#8243; _builder_version=\u00bb4.22.1&#8243; _module_preset=\u00bbdefault\u00bb animation_style=\u00bbbounce\u00bb locked=\u00bboff\u00bb global_colors_info=\u00bb{}\u00bb][et_pb_column type=\u00bb1_4&#8243; _builder_version=\u00bb4.22.1&#8243; _module_preset=\u00bbdefault\u00bb global_colors_info=\u00bb{}\u00bb][et_pb_icon font_icon=\u00bb&#xf10d;||fa||900&#8243; icon_color=\u00bbgcid-233cd77b-4711-403e-b130-11d9e5b5d115&#8243; icon_width=\u00bb144px\u00bb align=\u00bbleft\u00bb _builder_version=\u00bb4.19.0&#8243; _module_preset=\u00bbdefault\u00bb global_colors_info=\u00bb{%22gcid-233cd77b-4711-403e-b130-11d9e5b5d115%22:%91%22icon_color%22%93}\u00bb][\/et_pb_icon][\/et_pb_column][et_pb_column type=\u00bb3_4&#8243; _builder_version=\u00bb4.22.1&#8243; _module_preset=\u00bbdefault\u00bb background_color=\u00bb#000000&#8243; animation_style=\u00bbfade\u00bb global_colors_info=\u00bb{}\u00bb][et_pb_slider _builder_version=\u00bb4.22.1&#8243; _module_preset=\u00bb7f92e5bf-f63a-476e-a39c-a64ed963670b\u00bb background_color=\u00bb#FFFFFF\u00bb custom_margin=\u00bb|-60px||-60px|false|true\u00bb custom_margin_tablet=\u00bb|-40px||-40px|false|true\u00bb custom_margin_phone=\u00bb|-20px||-20px|false|true\u00bb custom_margin_last_edited=\u00bbon|tablet\u00bb locked=\u00bboff\u00bb global_colors_info=\u00bb{%22gcid-233cd77b-4711-403e-b130-11d9e5b5d115%22:%91%22button_bg_color%22%93}\u00bb][et_pb_slide heading=\u00bb%22Movemos  mucho m\u00e1s con still.%22&#8243; _builder_version=\u00bb4.22.1&#8243; _module_preset=\u00bbdefault\u00bb header_text_color=\u00bb#000000&#8243; body_text_align=\u00bbcenter\u00bb locked=\u00bboff\u00bb global_colors_info=\u00bb{}\u00bb sticky_transition=\u00bbon\u00bb][\/et_pb_slide][\/et_pb_slider][\/et_pb_column][\/et_pb_row][\/et_pb_section]<\/p>\n","protected":false},"excerpt":{"rendered":"<p>ComunicadoA partir del 1 de enero de 2026, Maquinaria Industrial Prolever S.L. pasa a formar parte de GRUPO LLANA CARRETILLAS \u00a0Unimos experiencia, equipo y capacidad para ofrecerte m\u00e1s servicio, m\u00e1s soluciones y la misma cercan\u00eda de siempre. Contacto llana@llanacarretillas.es<\/p>\n","protected":false},"author":1,"featured_media":0,"parent":0,"menu_order":0,"comment_status":"closed","ping_status":"closed","template":"","meta":{"_et_pb_use_builder":"on","_et_pb_old_content":"","_et_gb_content_width":"","_joinchat":[],"footnotes":""},"class_list":["post-13","page","type-page","status-publish","hentry"],"_links":{"self":[{"href":"https:\/\/prolever.net\/index.php?rest_route=\/wp\/v2\/pages\/13","targetHints":{"allow":["GET"]}}],"collection":[{"href":"https:\/\/prolever.net\/index.php?rest_route=\/wp\/v2\/pages"}],"about":[{"href":"https:\/\/prolever.net\/index.php?rest_route=\/wp\/v2\/types\/page"}],"author":[{"embeddable":true,"href":"https:\/\/prolever.net\/index.php?rest_route=\/wp\/v2\/users\/1"}],"replies":[{"embeddable":true,"href":"https:\/\/prolever.net\/index.php?rest_route=%2Fwp%2Fv2%2Fcomments&post=13"}],"version-history":[{"count":45,"href":"https:\/\/prolever.net\/index.php?rest_route=\/wp\/v2\/pages\/13\/revisions"}],"predecessor-version":[{"id":310,"href":"https:\/\/prolever.net\/index.php?rest_route=\/wp\/v2\/pages\/13\/revisions\/310"}],"wp:attachment":[{"href":"https:\/\/prolever.net\/index.php?rest_route=%2Fwp%2Fv2%2Fmedia&parent=13"}],"curies":[{"name":"wp","href":"https:\/\/api.w.org\/{rel}","templated":true}]}}